{"id":7630,"date":"2023-10-18T16:51:45","date_gmt":"2023-10-18T14:51:45","guid":{"rendered":"https:\/\/quimipol.com\/?post_type=product&#038;p=7630"},"modified":"2024-06-13T10:12:58","modified_gmt":"2024-06-13T08:12:58","slug":"ventilador-ppels-m-140-a-3000-rpm-atex","status":"publish","type":"product","link":"https:\/\/quimipol.com\/en\/producto\/ventilador-ppels-m-140-a-3000-rpm-atex\/","title":{"rendered":"Ventilador PPELS M-140 a 3000 rpm Atex"},"content":{"rendered":"<p>Utilizados para la extracci\u00f3n de gases corrosivos en ambientes potencialmente explosivos.<\/p>\n<p>n<\/p>\n<p>n<\/p>\n<p>n<\/p>\n<p>n<\/p>\n<p>n<\/p>\n<p>n<\/p>\n<p>n<\/p>\n<p>n<\/p>\n<p>n<\/p>\n<p>n<\/p>\n<p>n<\/p>\n<p>n<\/p>\n<p>n<\/p>\n<p>n<\/p>\n<p>n<\/p>\n<p>Ventiladores centr\u00edfugos anticorrosivos de simple aspiraci\u00f3n, resistentes a la corrosi\u00f3n utilizados para la extracci\u00f3n de gases corrosivos, fabricados en polipropileno electro conductor PP-EL-S, con turbina con de \u00e1labes hacia adelante o hacia detr\u00e1s dependiendo el modelo, directamente acoplado al eje motor, IP65. Ventiladores construidos para trabajar en zonas clasificadas Zona 1 Interior y 2 Exterior seg\u00fan la directiva Europea 2014\/34\/UE del a\u00f1o 2016. Temperatura de trabajo de -10\u00baC a +60\u00baC.<\/p>\n<p>n<\/p>\n<p>n<\/p>\n<p>n<\/p>\n<p>n<\/p>\n<p>n<\/p>\n<p>n<\/p>\n<p>n<\/p>\n<p>n<\/p>\n<p>n<\/p>\n<p>n<\/p>\n<p>n<\/p>\n<p>n<\/p>\n<p>n<\/p>\n<p>n<\/p>\n<p>n<\/p>\n","protected":false},"excerpt":{"rendered":"<p>Utilizados para la extracci\u00f3n de gases corrosivos en ambientes potencialmente explosivos.<\/p>\n<p>n<\/p>\n<p>n<\/p>\n<p>n<\/p>\n<p>n<\/p>\n<p>n<\/p>\n<p>n<\/p>\n<p>n<\/p>\n<p>n<\/p>\n<p>n<\/p>\n<p>n<\/p>\n<p>n<\/p>\n<p>n<\/p>\n<p>n<\/p>\n<p>n<\/p>\n<p>n<\/p>\n","protected":false},"featured_media":2069,"comment_status":"open","ping_status":"closed","template":"","meta":[],"product_brand":[],"product_cat":[96],"product_tag":[],"class_list":{"0":"post-7630","1":"product","2":"type-product","3":"status-publish","4":"has-post-thumbnail","6":"product_cat-ventiladores-atex","8":"first","9":"instock","10":"taxable","11":"shipping-taxable","12":"purchasable","13":"product-type-simple"},"yoast_head":"<!-- This site is optimized with the Yoast SEO plugin v27.2 - https:\/\/yoast.com\/product\/yoast-seo-wordpress\/ -->\n<title>Ventilador PPELS M-140 a 3000 rpm Atex - Quimipol S.L.<\/title>\n<meta name=\"robots\" content=\"index, follow, max-snippet:-1, max-image-preview:large, max-video-preview:-1\" \/>\n<link rel=\"canonical\" href=\"https:\/\/quimipol.com\/en\/producto\/ventilador-ppels-m-140-a-3000-rpm-atex\/\" \/>\n<meta property=\"og:locale\" content=\"en_US\" \/>\n<meta property=\"og:type\" content=\"article\" \/>\n<meta property=\"og:title\" content=\"Ventilador PPELS M-140 a 3000 rpm Atex - Quimipol S.L.\" \/>\n<meta property=\"og:description\" content=\"Utilizados para la extracci\u00f3n de gases corrosivos en ambientes potencialmente explosivos.nnnnnnnnnnnnnnn\" \/>\n<meta property=\"og:url\" content=\"https:\/\/quimipol.com\/en\/producto\/ventilador-ppels-m-140-a-3000-rpm-atex\/\" \/>\n<meta property=\"og:site_name\" content=\"Quimipol S.L.\" \/>\n<meta property=\"article:modified_time\" content=\"2024-06-13T08:12:58+00:00\" \/>\n<meta property=\"og:image\" content=\"https:\/\/quimipol.com\/wp-content\/uploads\/2019\/04\/ventilador-ATEX-portada-w.jpg\" \/>\n\t<meta property=\"og:image:width\" content=\"700\" \/>\n\t<meta property=\"og:image:height\" content=\"761\" \/>\n\t<meta property=\"og:image:type\" content=\"image\/jpeg\" \/>\n<meta name=\"twitter:card\" content=\"summary_large_image\" \/>\n<meta name=\"twitter:label1\" content=\"Est. reading time\" \/>\n\t<meta name=\"twitter:data1\" content=\"1 minute\" \/>\n<script type=\"application\/ld+json\" class=\"yoast-schema-graph\">{\"@context\":\"https:\/\/schema.org\",\"@graph\":[{\"@type\":\"WebPage\",\"@id\":\"https:\/\/quimipol.com\/en\/producto\/ventilador-ppels-m-140-a-3000-rpm-atex\/\",\"url\":\"https:\/\/quimipol.com\/en\/producto\/ventilador-ppels-m-140-a-3000-rpm-atex\/\",\"name\":\"Ventilador PPELS M-140 a 3000 rpm Atex - Quimipol S.L.\",\"isPartOf\":{\"@id\":\"https:\/\/quimipol.com\/en\/#website\"},\"primaryImageOfPage\":{\"@id\":\"https:\/\/quimipol.com\/en\/producto\/ventilador-ppels-m-140-a-3000-rpm-atex\/#primaryimage\"},\"image\":{\"@id\":\"https:\/\/quimipol.com\/en\/producto\/ventilador-ppels-m-140-a-3000-rpm-atex\/#primaryimage\"},\"thumbnailUrl\":\"https:\/\/quimipol.com\/wp-content\/uploads\/2019\/04\/ventilador-ATEX-portada-w.jpg\",\"datePublished\":\"2023-10-18T14:51:45+00:00\",\"dateModified\":\"2024-06-13T08:12:58+00:00\",\"breadcrumb\":{\"@id\":\"https:\/\/quimipol.com\/en\/producto\/ventilador-ppels-m-140-a-3000-rpm-atex\/#breadcrumb\"},\"inLanguage\":\"en-US\",\"potentialAction\":[{\"@type\":\"ReadAction\",\"target\":[\"https:\/\/quimipol.com\/en\/producto\/ventilador-ppels-m-140-a-3000-rpm-atex\/\"]}]},{\"@type\":\"ImageObject\",\"inLanguage\":\"en-US\",\"@id\":\"https:\/\/quimipol.com\/en\/producto\/ventilador-ppels-m-140-a-3000-rpm-atex\/#primaryimage\",\"url\":\"https:\/\/quimipol.com\/wp-content\/uploads\/2019\/04\/ventilador-ATEX-portada-w.jpg\",\"contentUrl\":\"https:\/\/quimipol.com\/wp-content\/uploads\/2019\/04\/ventilador-ATEX-portada-w.jpg\",\"width\":700,\"height\":761},{\"@type\":\"BreadcrumbList\",\"@id\":\"https:\/\/quimipol.com\/en\/producto\/ventilador-ppels-m-140-a-3000-rpm-atex\/#breadcrumb\",\"itemListElement\":[{\"@type\":\"ListItem\",\"position\":1,\"name\":\"Portada\",\"item\":\"https:\/\/quimipol.com\/en\/\"},{\"@type\":\"ListItem\",\"position\":2,\"name\":\"Shop\",\"item\":\"https:\/\/quimipol.com\/en\/shop\/\"},{\"@type\":\"ListItem\",\"position\":3,\"name\":\"Ventilador PPELS M-140 a 3000 rpm Atex\"}]},{\"@type\":\"WebSite\",\"@id\":\"https:\/\/quimipol.com\/en\/#website\",\"url\":\"https:\/\/quimipol.com\/en\/\",\"name\":\"Quimipol S.L.\",\"description\":\"Especialistas en extracci\u00f3n y depuraci\u00f3n de gases corrosivos\",\"publisher\":{\"@id\":\"https:\/\/quimipol.com\/en\/#organization\"},\"potentialAction\":[{\"@type\":\"SearchAction\",\"target\":{\"@type\":\"EntryPoint\",\"urlTemplate\":\"https:\/\/quimipol.com\/en\/?s={search_term_string}\"},\"query-input\":{\"@type\":\"PropertyValueSpecification\",\"valueRequired\":true,\"valueName\":\"search_term_string\"}}],\"inLanguage\":\"en-US\"},{\"@type\":\"Organization\",\"@id\":\"https:\/\/quimipol.com\/en\/#organization\",\"name\":\"Quimipol S.L.\",\"url\":\"https:\/\/quimipol.com\/en\/\",\"logo\":{\"@type\":\"ImageObject\",\"inLanguage\":\"en-US\",\"@id\":\"https:\/\/quimipol.com\/en\/#\/schema\/logo\/image\/\",\"url\":\"https:\/\/quimipol.com\/wp-content\/uploads\/2019\/06\/cropped-quimipol-logo-favicon.png\",\"contentUrl\":\"https:\/\/quimipol.com\/wp-content\/uploads\/2019\/06\/cropped-quimipol-logo-favicon.png\",\"width\":512,\"height\":512,\"caption\":\"Quimipol S.L.\"},\"image\":{\"@id\":\"https:\/\/quimipol.com\/en\/#\/schema\/logo\/image\/\"},\"sameAs\":[\"https:\/\/es.linkedin.com\/company\/quimipol-j.blanch-ferrer-s.l\"]}]}<\/script>\n<!-- \/ Yoast SEO plugin. -->","yoast_head_json":{"title":"Ventilador PPELS M-140 a 3000 rpm Atex - Quimipol S.L.","robots":{"index":"index","follow":"follow","max-snippet":"max-snippet:-1","max-image-preview":"max-image-preview:large","max-video-preview":"max-video-preview:-1"},"canonical":"https:\/\/quimipol.com\/en\/producto\/ventilador-ppels-m-140-a-3000-rpm-atex\/","og_locale":"en_US","og_type":"article","og_title":"Ventilador PPELS M-140 a 3000 rpm Atex - Quimipol S.L.","og_description":"Utilizados para la extracci\u00f3n de gases corrosivos en ambientes potencialmente explosivos.nnnnnnnnnnnnnnn","og_url":"https:\/\/quimipol.com\/en\/producto\/ventilador-ppels-m-140-a-3000-rpm-atex\/","og_site_name":"Quimipol S.L.","article_modified_time":"2024-06-13T08:12:58+00:00","og_image":[{"width":700,"height":761,"url":"https:\/\/quimipol.com\/wp-content\/uploads\/2019\/04\/ventilador-ATEX-portada-w.jpg","type":"image\/jpeg"}],"twitter_card":"summary_large_image","twitter_misc":{"Est. reading time":"1 minute"},"schema":{"@context":"https:\/\/schema.org","@graph":[{"@type":"WebPage","@id":"https:\/\/quimipol.com\/en\/producto\/ventilador-ppels-m-140-a-3000-rpm-atex\/","url":"https:\/\/quimipol.com\/en\/producto\/ventilador-ppels-m-140-a-3000-rpm-atex\/","name":"Ventilador PPELS M-140 a 3000 rpm Atex - Quimipol S.L.","isPartOf":{"@id":"https:\/\/quimipol.com\/en\/#website"},"primaryImageOfPage":{"@id":"https:\/\/quimipol.com\/en\/producto\/ventilador-ppels-m-140-a-3000-rpm-atex\/#primaryimage"},"image":{"@id":"https:\/\/quimipol.com\/en\/producto\/ventilador-ppels-m-140-a-3000-rpm-atex\/#primaryimage"},"thumbnailUrl":"https:\/\/quimipol.com\/wp-content\/uploads\/2019\/04\/ventilador-ATEX-portada-w.jpg","datePublished":"2023-10-18T14:51:45+00:00","dateModified":"2024-06-13T08:12:58+00:00","breadcrumb":{"@id":"https:\/\/quimipol.com\/en\/producto\/ventilador-ppels-m-140-a-3000-rpm-atex\/#breadcrumb"},"inLanguage":"en-US","potentialAction":[{"@type":"ReadAction","target":["https:\/\/quimipol.com\/en\/producto\/ventilador-ppels-m-140-a-3000-rpm-atex\/"]}]},{"@type":"ImageObject","inLanguage":"en-US","@id":"https:\/\/quimipol.com\/en\/producto\/ventilador-ppels-m-140-a-3000-rpm-atex\/#primaryimage","url":"https:\/\/quimipol.com\/wp-content\/uploads\/2019\/04\/ventilador-ATEX-portada-w.jpg","contentUrl":"https:\/\/quimipol.com\/wp-content\/uploads\/2019\/04\/ventilador-ATEX-portada-w.jpg","width":700,"height":761},{"@type":"BreadcrumbList","@id":"https:\/\/quimipol.com\/en\/producto\/ventilador-ppels-m-140-a-3000-rpm-atex\/#breadcrumb","itemListElement":[{"@type":"ListItem","position":1,"name":"Portada","item":"https:\/\/quimipol.com\/en\/"},{"@type":"ListItem","position":2,"name":"Shop","item":"https:\/\/quimipol.com\/en\/shop\/"},{"@type":"ListItem","position":3,"name":"Ventilador PPELS M-140 a 3000 rpm Atex"}]},{"@type":"WebSite","@id":"https:\/\/quimipol.com\/en\/#website","url":"https:\/\/quimipol.com\/en\/","name":"Quimipol S.L.","description":"Especialistas en extracci\u00f3n y depuraci\u00f3n de gases corrosivos","publisher":{"@id":"https:\/\/quimipol.com\/en\/#organization"},"potentialAction":[{"@type":"SearchAction","target":{"@type":"EntryPoint","urlTemplate":"https:\/\/quimipol.com\/en\/?s={search_term_string}"},"query-input":{"@type":"PropertyValueSpecification","valueRequired":true,"valueName":"search_term_string"}}],"inLanguage":"en-US"},{"@type":"Organization","@id":"https:\/\/quimipol.com\/en\/#organization","name":"Quimipol S.L.","url":"https:\/\/quimipol.com\/en\/","logo":{"@type":"ImageObject","inLanguage":"en-US","@id":"https:\/\/quimipol.com\/en\/#\/schema\/logo\/image\/","url":"https:\/\/quimipol.com\/wp-content\/uploads\/2019\/06\/cropped-quimipol-logo-favicon.png","contentUrl":"https:\/\/quimipol.com\/wp-content\/uploads\/2019\/06\/cropped-quimipol-logo-favicon.png","width":512,"height":512,"caption":"Quimipol S.L."},"image":{"@id":"https:\/\/quimipol.com\/en\/#\/schema\/logo\/image\/"},"sameAs":["https:\/\/es.linkedin.com\/company\/quimipol-j.blanch-ferrer-s.l"]}]}},"_links":{"self":[{"href":"https:\/\/quimipol.com\/en\/wp-json\/wp\/v2\/product\/7630","targetHints":{"allow":["GET"]}}],"collection":[{"href":"https:\/\/quimipol.com\/en\/wp-json\/wp\/v2\/product"}],"about":[{"href":"https:\/\/quimipol.com\/en\/wp-json\/wp\/v2\/types\/product"}],"replies":[{"embeddable":true,"href":"https:\/\/quimipol.com\/en\/wp-json\/wp\/v2\/comments?post=7630"}],"wp:featuredmedia":[{"embeddable":true,"href":"https:\/\/quimipol.com\/en\/wp-json\/wp\/v2\/media\/2069"}],"wp:attachment":[{"href":"https:\/\/quimipol.com\/en\/wp-json\/wp\/v2\/media?parent=7630"}],"wp:term":[{"taxonomy":"product_brand","embeddable":true,"href":"https:\/\/quimipol.com\/en\/wp-json\/wp\/v2\/product_brand?post=7630"},{"taxonomy":"product_cat","embeddable":true,"href":"https:\/\/quimipol.com\/en\/wp-json\/wp\/v2\/product_cat?post=7630"},{"taxonomy":"product_tag","embeddable":true,"href":"https:\/\/quimipol.com\/en\/wp-json\/wp\/v2\/product_tag?post=7630"}],"curies":[{"name":"wp","href":"https:\/\/api.w.org\/{rel}","templated":true}]}}