{"id":7614,"date":"2023-10-18T16:20:14","date_gmt":"2023-10-18T14:20:14","guid":{"rendered":"https:\/\/quimipol.com\/?post_type=product&#038;p=7614"},"modified":"2023-11-07T12:49:53","modified_gmt":"2023-11-07T11:49:53","slug":"ventilador-pp-m-140-a-1500-rpm","status":"publish","type":"product","link":"https:\/\/quimipol.com\/en\/producto\/ventilador-pp-m-140-a-1500-rpm\/","title":{"rendered":"Ventilador PP M-140 a 1500 rpm"},"content":{"rendered":"<div class=\"fusion-text fusion-text-1 second-tipo\">\n<p>Ideal para la extracci\u00f3n de armarios de seguridad.<\/p>\n<\/div>\n<div class=\"fusion-text fusion-text-2\">\n<p>Ventilador de peque\u00f1as dimensiones ideal para la extracci\u00f3n de armarios de seguridad y brazos de extracci\u00f3n de forma individual.<\/p>\n<\/div>\n","protected":false},"excerpt":{"rendered":"<p>Ideal para la extracci\u00f3n de armarios de seguridad.<\/p>\n","protected":false},"featured_media":6486,"comment_status":"open","ping_status":"closed","template":"","meta":[],"product_brand":[],"product_cat":[93],"product_tag":[],"class_list":{"0":"post-7614","1":"product","2":"type-product","3":"status-publish","4":"has-post-thumbnail","6":"product_cat-ventiladores-trifasicos","8":"first","9":"instock","10":"taxable","11":"shipping-taxable","12":"product-type-simple"},"yoast_head":"<!-- This site is optimized with the Yoast SEO plugin v27.2 - https:\/\/yoast.com\/product\/yoast-seo-wordpress\/ -->\n<title>Ventilador PP M-140 a 1500 rpm - Quimipol S.L.<\/title>\n<meta name=\"robots\" content=\"index, follow, max-snippet:-1, max-image-preview:large, max-video-preview:-1\" \/>\n<link rel=\"canonical\" href=\"https:\/\/quimipol.com\/en\/producto\/ventilador-pp-m-140-a-1500-rpm\/\" \/>\n<meta property=\"og:locale\" content=\"en_US\" \/>\n<meta property=\"og:type\" content=\"article\" \/>\n<meta property=\"og:title\" content=\"Ventilador PP M-140 a 1500 rpm - Quimipol S.L.\" \/>\n<meta property=\"og:description\" content=\"Ideal para la extracci\u00f3n de armarios de seguridad.\" \/>\n<meta property=\"og:url\" content=\"https:\/\/quimipol.com\/en\/producto\/ventilador-pp-m-140-a-1500-rpm\/\" \/>\n<meta property=\"og:site_name\" content=\"Quimipol S.L.\" \/>\n<meta property=\"article:modified_time\" content=\"2023-11-07T11:49:53+00:00\" \/>\n<meta property=\"og:image\" content=\"https:\/\/quimipol.com\/wp-content\/uploads\/2020\/11\/render_m140.jpg\" \/>\n\t<meta property=\"og:image:width\" content=\"500\" \/>\n\t<meta property=\"og:image:height\" content=\"543\" \/>\n\t<meta property=\"og:image:type\" content=\"image\/jpeg\" \/>\n<meta name=\"twitter:card\" content=\"summary_large_image\" \/>\n<meta name=\"twitter:label1\" content=\"Est. reading time\" \/>\n\t<meta name=\"twitter:data1\" content=\"1 minute\" \/>\n<script type=\"application\/ld+json\" class=\"yoast-schema-graph\">{\"@context\":\"https:\/\/schema.org\",\"@graph\":[{\"@type\":\"WebPage\",\"@id\":\"https:\/\/quimipol.com\/en\/producto\/ventilador-pp-m-140-a-1500-rpm\/\",\"url\":\"https:\/\/quimipol.com\/en\/producto\/ventilador-pp-m-140-a-1500-rpm\/\",\"name\":\"Ventilador PP M-140 a 1500 rpm - Quimipol S.L.\",\"isPartOf\":{\"@id\":\"https:\/\/quimipol.com\/en\/#website\"},\"primaryImageOfPage\":{\"@id\":\"https:\/\/quimipol.com\/en\/producto\/ventilador-pp-m-140-a-1500-rpm\/#primaryimage\"},\"image\":{\"@id\":\"https:\/\/quimipol.com\/en\/producto\/ventilador-pp-m-140-a-1500-rpm\/#primaryimage\"},\"thumbnailUrl\":\"https:\/\/quimipol.com\/wp-content\/uploads\/2020\/11\/render_m140.jpg\",\"datePublished\":\"2023-10-18T14:20:14+00:00\",\"dateModified\":\"2023-11-07T11:49:53+00:00\",\"breadcrumb\":{\"@id\":\"https:\/\/quimipol.com\/en\/producto\/ventilador-pp-m-140-a-1500-rpm\/#breadcrumb\"},\"inLanguage\":\"en-US\",\"potentialAction\":[{\"@type\":\"ReadAction\",\"target\":[\"https:\/\/quimipol.com\/en\/producto\/ventilador-pp-m-140-a-1500-rpm\/\"]}]},{\"@type\":\"ImageObject\",\"inLanguage\":\"en-US\",\"@id\":\"https:\/\/quimipol.com\/en\/producto\/ventilador-pp-m-140-a-1500-rpm\/#primaryimage\",\"url\":\"https:\/\/quimipol.com\/wp-content\/uploads\/2020\/11\/render_m140.jpg\",\"contentUrl\":\"https:\/\/quimipol.com\/wp-content\/uploads\/2020\/11\/render_m140.jpg\",\"width\":500,\"height\":543},{\"@type\":\"BreadcrumbList\",\"@id\":\"https:\/\/quimipol.com\/en\/producto\/ventilador-pp-m-140-a-1500-rpm\/#breadcrumb\",\"itemListElement\":[{\"@type\":\"ListItem\",\"position\":1,\"name\":\"Portada\",\"item\":\"https:\/\/quimipol.com\/en\/\"},{\"@type\":\"ListItem\",\"position\":2,\"name\":\"Shop\",\"item\":\"https:\/\/quimipol.com\/en\/shop\/\"},{\"@type\":\"ListItem\",\"position\":3,\"name\":\"Ventilador PP M-140 a 1500 rpm\"}]},{\"@type\":\"WebSite\",\"@id\":\"https:\/\/quimipol.com\/en\/#website\",\"url\":\"https:\/\/quimipol.com\/en\/\",\"name\":\"Quimipol S.L.\",\"description\":\"Especialistas en extracci\u00f3n y depuraci\u00f3n de gases corrosivos\",\"publisher\":{\"@id\":\"https:\/\/quimipol.com\/en\/#organization\"},\"potentialAction\":[{\"@type\":\"SearchAction\",\"target\":{\"@type\":\"EntryPoint\",\"urlTemplate\":\"https:\/\/quimipol.com\/en\/?s={search_term_string}\"},\"query-input\":{\"@type\":\"PropertyValueSpecification\",\"valueRequired\":true,\"valueName\":\"search_term_string\"}}],\"inLanguage\":\"en-US\"},{\"@type\":\"Organization\",\"@id\":\"https:\/\/quimipol.com\/en\/#organization\",\"name\":\"Quimipol S.L.\",\"url\":\"https:\/\/quimipol.com\/en\/\",\"logo\":{\"@type\":\"ImageObject\",\"inLanguage\":\"en-US\",\"@id\":\"https:\/\/quimipol.com\/en\/#\/schema\/logo\/image\/\",\"url\":\"https:\/\/quimipol.com\/wp-content\/uploads\/2019\/06\/cropped-quimipol-logo-favicon.png\",\"contentUrl\":\"https:\/\/quimipol.com\/wp-content\/uploads\/2019\/06\/cropped-quimipol-logo-favicon.png\",\"width\":512,\"height\":512,\"caption\":\"Quimipol S.L.\"},\"image\":{\"@id\":\"https:\/\/quimipol.com\/en\/#\/schema\/logo\/image\/\"},\"sameAs\":[\"https:\/\/es.linkedin.com\/company\/quimipol-j.blanch-ferrer-s.l\"]}]}<\/script>\n<!-- \/ Yoast SEO plugin. -->","yoast_head_json":{"title":"Ventilador PP M-140 a 1500 rpm - Quimipol S.L.","robots":{"index":"index","follow":"follow","max-snippet":"max-snippet:-1","max-image-preview":"max-image-preview:large","max-video-preview":"max-video-preview:-1"},"canonical":"https:\/\/quimipol.com\/en\/producto\/ventilador-pp-m-140-a-1500-rpm\/","og_locale":"en_US","og_type":"article","og_title":"Ventilador PP M-140 a 1500 rpm - Quimipol S.L.","og_description":"Ideal para la extracci\u00f3n de armarios de seguridad.","og_url":"https:\/\/quimipol.com\/en\/producto\/ventilador-pp-m-140-a-1500-rpm\/","og_site_name":"Quimipol S.L.","article_modified_time":"2023-11-07T11:49:53+00:00","og_image":[{"width":500,"height":543,"url":"https:\/\/quimipol.com\/wp-content\/uploads\/2020\/11\/render_m140.jpg","type":"image\/jpeg"}],"twitter_card":"summary_large_image","twitter_misc":{"Est. reading time":"1 minute"},"schema":{"@context":"https:\/\/schema.org","@graph":[{"@type":"WebPage","@id":"https:\/\/quimipol.com\/en\/producto\/ventilador-pp-m-140-a-1500-rpm\/","url":"https:\/\/quimipol.com\/en\/producto\/ventilador-pp-m-140-a-1500-rpm\/","name":"Ventilador PP M-140 a 1500 rpm - Quimipol S.L.","isPartOf":{"@id":"https:\/\/quimipol.com\/en\/#website"},"primaryImageOfPage":{"@id":"https:\/\/quimipol.com\/en\/producto\/ventilador-pp-m-140-a-1500-rpm\/#primaryimage"},"image":{"@id":"https:\/\/quimipol.com\/en\/producto\/ventilador-pp-m-140-a-1500-rpm\/#primaryimage"},"thumbnailUrl":"https:\/\/quimipol.com\/wp-content\/uploads\/2020\/11\/render_m140.jpg","datePublished":"2023-10-18T14:20:14+00:00","dateModified":"2023-11-07T11:49:53+00:00","breadcrumb":{"@id":"https:\/\/quimipol.com\/en\/producto\/ventilador-pp-m-140-a-1500-rpm\/#breadcrumb"},"inLanguage":"en-US","potentialAction":[{"@type":"ReadAction","target":["https:\/\/quimipol.com\/en\/producto\/ventilador-pp-m-140-a-1500-rpm\/"]}]},{"@type":"ImageObject","inLanguage":"en-US","@id":"https:\/\/quimipol.com\/en\/producto\/ventilador-pp-m-140-a-1500-rpm\/#primaryimage","url":"https:\/\/quimipol.com\/wp-content\/uploads\/2020\/11\/render_m140.jpg","contentUrl":"https:\/\/quimipol.com\/wp-content\/uploads\/2020\/11\/render_m140.jpg","width":500,"height":543},{"@type":"BreadcrumbList","@id":"https:\/\/quimipol.com\/en\/producto\/ventilador-pp-m-140-a-1500-rpm\/#breadcrumb","itemListElement":[{"@type":"ListItem","position":1,"name":"Portada","item":"https:\/\/quimipol.com\/en\/"},{"@type":"ListItem","position":2,"name":"Shop","item":"https:\/\/quimipol.com\/en\/shop\/"},{"@type":"ListItem","position":3,"name":"Ventilador PP M-140 a 1500 rpm"}]},{"@type":"WebSite","@id":"https:\/\/quimipol.com\/en\/#website","url":"https:\/\/quimipol.com\/en\/","name":"Quimipol S.L.","description":"Especialistas en extracci\u00f3n y depuraci\u00f3n de gases corrosivos","publisher":{"@id":"https:\/\/quimipol.com\/en\/#organization"},"potentialAction":[{"@type":"SearchAction","target":{"@type":"EntryPoint","urlTemplate":"https:\/\/quimipol.com\/en\/?s={search_term_string}"},"query-input":{"@type":"PropertyValueSpecification","valueRequired":true,"valueName":"search_term_string"}}],"inLanguage":"en-US"},{"@type":"Organization","@id":"https:\/\/quimipol.com\/en\/#organization","name":"Quimipol S.L.","url":"https:\/\/quimipol.com\/en\/","logo":{"@type":"ImageObject","inLanguage":"en-US","@id":"https:\/\/quimipol.com\/en\/#\/schema\/logo\/image\/","url":"https:\/\/quimipol.com\/wp-content\/uploads\/2019\/06\/cropped-quimipol-logo-favicon.png","contentUrl":"https:\/\/quimipol.com\/wp-content\/uploads\/2019\/06\/cropped-quimipol-logo-favicon.png","width":512,"height":512,"caption":"Quimipol S.L."},"image":{"@id":"https:\/\/quimipol.com\/en\/#\/schema\/logo\/image\/"},"sameAs":["https:\/\/es.linkedin.com\/company\/quimipol-j.blanch-ferrer-s.l"]}]}},"_links":{"self":[{"href":"https:\/\/quimipol.com\/en\/wp-json\/wp\/v2\/product\/7614","targetHints":{"allow":["GET"]}}],"collection":[{"href":"https:\/\/quimipol.com\/en\/wp-json\/wp\/v2\/product"}],"about":[{"href":"https:\/\/quimipol.com\/en\/wp-json\/wp\/v2\/types\/product"}],"replies":[{"embeddable":true,"href":"https:\/\/quimipol.com\/en\/wp-json\/wp\/v2\/comments?post=7614"}],"wp:featuredmedia":[{"embeddable":true,"href":"https:\/\/quimipol.com\/en\/wp-json\/wp\/v2\/media\/6486"}],"wp:attachment":[{"href":"https:\/\/quimipol.com\/en\/wp-json\/wp\/v2\/media?parent=7614"}],"wp:term":[{"taxonomy":"product_brand","embeddable":true,"href":"https:\/\/quimipol.com\/en\/wp-json\/wp\/v2\/product_brand?post=7614"},{"taxonomy":"product_cat","embeddable":true,"href":"https:\/\/quimipol.com\/en\/wp-json\/wp\/v2\/product_cat?post=7614"},{"taxonomy":"product_tag","embeddable":true,"href":"https:\/\/quimipol.com\/en\/wp-json\/wp\/v2\/product_tag?post=7614"}],"curies":[{"name":"wp","href":"https:\/\/api.w.org\/{rel}","templated":true}]}}